{"id":83,"date":"2018-03-21T10:40:13","date_gmt":"2018-03-21T08:40:13","guid":{"rendered":"http:\/\/www.alcoandco.com\/ac\/?page_id=83"},"modified":"2020-07-06T13:38:07","modified_gmt":"2020-07-06T11:38:07","slug":"la-revue-de-pressque","status":"publish","type":"page","link":"https:\/\/www.alcoandco.com\/ac\/question-de-style\/la-revue-de-pressque\/","title":{"rendered":"La revue de press(qu)e"},"content":{"rendered":"\n<h5 class=\"has-text-align-right wp-block-heading\"> <br>Rubrique tenue par <strong>Holly Mielaga<\/strong> <\/h5>\n\n\n\n<div class=\"wp-block-columns has-2-columns is-layout-flex wp-container-core-columns-is-layout-9d6595d7 wp-block-columns-is-layout-flex\">\n<div class=\"wp-block-column is-layout-flow wp-block-column-is-layout-flow\">\n<h2 class=\"wp-block-heading\">Revue de presse, Le M\u00f4me Bitlomapique<\/h2>\n\n\n\n<p><em>Gentillette Libert\u00e9<\/em> porte bien son nom. Elle commence par une m\u00e9lodie, un air qui vous attache. Si on n&rsquo;\u00e9coute pas les paroles (eh oui, \u00e7a arrive) on pourrait croire que cette m\u00e9lodie est le berceau d&rsquo;une chanson d&rsquo;amour toujours suppl\u00e9mentaire. Mais non ! C&rsquo;est celui d&rsquo;un message aux sentences saisissantes. D&rsquo;actualit\u00e9, h\u00e9las toujours, comme on ne cesse jamais d&rsquo;\u00eatre en guerre, et qui nous touche au plus profond de nos combats ordinaires. Allez donc plus loin et \u00e9coutez avec votre cerveau, nom d&rsquo;un chien ! Ou laissez vous bercer, \u00e7a fait du bien aussi.<\/p>\n\n\n\n<p>Album <strong>Napalm<\/strong>, br\u00fbl\u00e9 au nom de la libert\u00e9 d&rsquo;expression.<\/p>\n\n\n\n<h2 class=\"wp-block-heading\"><strong>Revue de presse, <\/strong><strong>Saput les Colins<\/strong><\/h2>\n\n\n\n<p>C&rsquo;est avec brio que <em>Colaire Sol\u00e8re<\/em> d\u00e9marre l&rsquo;album Napalm. Humano-\u00e9colo-f\u00e9ministe, Alco use du verbe, des voix et des cordes comme il sait si bien le faire et donne le ton d&rsquo;un album qui remue dans tous les sens du terme. \u00c0 \u00e9couter, r\u00e9\u00e9couter, r\u00e9r\u00e9\u00e9couter&#8230; Comme l&rsquo;artichaut, plus on se rapproche du c\u0153ur, meilleur c&rsquo;est. Comme l&rsquo;hu\u00eetre rare, la perle de culture est \u00e0 l&rsquo;int\u00e9rieur. Bonne \u00e9coute, r\u00e9\u00e9coute, r\u00e9r\u00e9\u00e9coute donc.<\/p>\n\n\n\n<p>Album <strong>Napalm<\/strong>, pas encore vraiment sorti et d\u00e9j\u00e0 rentr\u00e9.<\/p>\n\n\n\n<h2 class=\"wp-block-heading\"><strong>Revue de presse, <\/strong><strong>Gu\u00e9pard Tarte<\/strong><\/h2>\n\n\n\n<p>Il est assez rare que je reste sans voix, que je me sente vide, vid\u00e9e de ma substance. C&rsquo;est l&rsquo;effet que me fait <em>les Ailes du Moineau<\/em>. Le temps suspend son vol pendant 4 minutes et 33 secondes. M\u00e9lancolie d\u00e9clin\u00e9e en une voix et une guitare qui m&rsquo;interroge sur moi, les choix, la vie et les autres. Une claque sonore qui ram\u00e8ne sur terre avant de s&rsquo;envoler \u00e0 nouveau, mais plus haut encore. \u00c0 \u00e9couter avec parachute.<\/p>\n\n\n\n<p>Album <strong>Napalm<\/strong>, sortie pr\u00e9vue (et c&rsquo;est d\u00e9j\u00e0 pas mal).<\/p>\n\n\n\n<h2 class=\"wp-block-heading\">Fock&rsquo;n rolk du 31 f\u00e9vrier 2022<\/h2>\n\n\n\n<p>Quand une bossa vous met en face de vos responsabilit\u00e9s. <em>Et Toi ?<\/em> donne \u00e0 r\u00e9fl\u00e9chir. C&rsquo;est le souci avec Alco, difficile d&rsquo;\u00e9couter \u00e0 la l\u00e9g\u00e8re. Quoique, en se la jouant bobo, on pourrait dire : \u00ab\u00a0quel rythme entra\u00eenant !\u00a0\u00bb Et on aurait le droit quand m\u00eame. Allez, \u00e9coutez comme vous voulez, bande de nobos, mais entendez !<\/p>\n\n\n\n<p><strong>Alco<\/strong>, album <strong>Napalm<\/strong> sortie en septembre 2011.<\/p>\n<\/div>\n\n\n\n<div class=\"wp-block-column is-layout-flow wp-block-column-is-layout-flow\">\n<h2 class=\"wp-block-heading\"><strong>Revue de presse, le Paririen du 16\/10\/2022<\/strong><\/h2>\n\n\n\n<p>Eh ben c&rsquo;est pas trop t\u00f4t ! Un si\u00e8cle qu&rsquo;on l&rsquo;attend ! Cette nouvelle version des contes de f\u00e9es revisit\u00e9s plut\u00f4t choc sexy rock. Avec ses jeux de mots hilarants, Alco manie sa langue fran\u00e7aise et la balade un peu partout. C&rsquo;est pour le grand plaisir de ses dames qui y verront l\u00e0 un manifeste anti conte machiste pour les petites filles roses bonbon. <em>Eve, Cendrillon, et quelques autres<\/em>, \u00e0 \u00e9couter jusqu&rsquo;\u00e0 la fin, donc pas \u00e0 la radio.<\/p>\n\n\n\n<p>Album <strong>Napalm<\/strong>, br\u00fbl\u00e9 en 1943.<\/p>\n\n\n\n<h2 class=\"wp-block-heading\">Repue d&rsquo;ivresse de Slonotone Ring du 09\/09\/56<\/h2>\n\n\n\n<p>Avec <em>Blues pour Fesses Poilues<\/em>, on retrouve un des grands th\u00e8mes du blues : l&rsquo;amour d\u00e9\u00e7u. Mais on est loin d&rsquo;une bluette romanticolarmoyante. Une fois de plus, <strong>Alco<\/strong> nous fait marrer avec ses paroles imag\u00e9es. C&rsquo;est vrai, on s&rsquo;y croirait, m\u00eame si l&rsquo;histoire a pu vraiment arriver \u00e0 certains d&rsquo;entre nous. Ceux l\u00e0 rigolent-ils autant ? C&rsquo;est bien possible. Ah, les vertus du blues ! Sinon, il leur reste quand m\u00eame un beau rythme dans lequel la fine guitare d&rsquo;Alco fait encore merveille !<\/p>\n\n\n\n<p><em>Blues pour fesses poilues<\/em>, album <strong>Napalm<\/strong> dans les bacs depuis son dernier examen.<\/p>\n\n\n\n<h2 class=\"wp-block-heading\">Mat\u00e9l\u00e9ra du 12 mars 2022<\/h2>\n\n\n\n<p>L&rsquo;ami du petit d\u00e9jeuner, <em>Napalm<\/em> vous donne envie de vous lever en vous secouant les neurones. Sous couvert d&rsquo;un air qui remue vos petites fesses (m\u00eame les plus grosses) le message appelle carr\u00e9ment \u00e0 la r\u00e9bellion. Euh&#8230; peut-\u00eatre pas, mais je vous assure que dans les oreilles sur les coups de 8:00 du mat\u00b4 on boufferait du lion. \u00c0 programmer au r\u00e9veil donc, et \u00e9galement en cas de baisse de tension.<\/p>\n\n\n\n<p>Album <strong>Napalm<\/strong> d&rsquo;<strong>Alco<\/strong> dans les bacs le 14 juillet 1789.<\/p>\n\n\n\n<h2 class=\"wp-block-heading\">Extrait des Intoxckuptibles du 11 septembre 2022<\/h2>\n\n\n\n<p><em>Citius, Altius, Fortius<\/em>, un titre explosif qui vous met les tripes \u00e0 l&rsquo;air. Du solo \u00e0 l&rsquo;orchestration finale, on est scotch\u00e9 \u00e0 l&rsquo;\u00e9couteur, pr\u00eat \u00e0 entendre la suite. Alco, album <strong>Napalm<\/strong>, sortie en septembre 2011. On attend la suite.<\/p>\n<\/div>\n<\/div>\n","protected":false},"excerpt":{"rendered":"<p> [&hellip;]<\/p>\n","protected":false},"author":1,"featured_media":0,"parent":421,"menu_order":40,"comment_status":"closed","ping_status":"closed","template":"","meta":{"footnotes":""},"class_list":["post-83","page","type-page","status-publish","hentry"],"_links":{"self":[{"href":"https:\/\/www.alcoandco.com\/ac\/wp-json\/wp\/v2\/pages\/83","targetHints":{"allow":["GET"]}}],"collection":[{"href":"https:\/\/www.alcoandco.com\/ac\/wp-json\/wp\/v2\/pages"}],"about":[{"href":"https:\/\/www.alcoandco.com\/ac\/wp-json\/wp\/v2\/types\/page"}],"author":[{"embeddable":true,"href":"https:\/\/www.alcoandco.com\/ac\/wp-json\/wp\/v2\/users\/1"}],"replies":[{"embeddable":true,"href":"https:\/\/www.alcoandco.com\/ac\/wp-json\/wp\/v2\/comments?post=83"}],"version-history":[{"count":7,"href":"https:\/\/www.alcoandco.com\/ac\/wp-json\/wp\/v2\/pages\/83\/revisions"}],"predecessor-version":[{"id":1927,"href":"https:\/\/www.alcoandco.com\/ac\/wp-json\/wp\/v2\/pages\/83\/revisions\/1927"}],"up":[{"embeddable":true,"href":"https:\/\/www.alcoandco.com\/ac\/wp-json\/wp\/v2\/pages\/421"}],"wp:attachment":[{"href":"https:\/\/www.alcoandco.com\/ac\/wp-json\/wp\/v2\/media?parent=83"}],"curies":[{"name":"wp","href":"https:\/\/api.w.org\/{rel}","templated":true}]}}