{"id":502,"date":"2019-01-14T17:28:02","date_gmt":"2019-01-14T15:28:02","guid":{"rendered":"http:\/\/www.alcoandco.com\/ac\/?page_id=502"},"modified":"2023-10-05T11:11:37","modified_gmt":"2023-10-05T09:11:37","slug":"6-cordes-a-1-stylo","status":"publish","type":"page","link":"https:\/\/www.alcoandco.com\/ac\/6-cordes-a-1-stylo\/","title":{"rendered":"6 Cordes \u00e0 1 Stylo"},"content":{"rendered":"\r\n<h4 class=\"has-text-align-center wp-block-heading\">rimes de Guy Piegay<br \/>mises en voix par Gilles Garlet<br \/>mises en musique par Alco<\/h4>\r\n\r\n\r\n<hr class=\"wp-block-separator\" \/>\r\n\r\n\r\n<div class=\"wp-block-columns has-2-columns is-layout-flex wp-container-core-columns-is-layout-9d6595d7 wp-block-columns-is-layout-flex\">\r\n<div class=\"wp-block-column is-layout-flow wp-block-column-is-layout-flow\">\r\n<figure class=\"wp-block-image alignwide\"><img loading=\"lazy\" decoding=\"async\" width=\"1024\" height=\"768\" class=\"wp-image-905\" src=\"http:\/\/www.alcoandco.com\/ac\/wp-content\/uploads\/2019\/01\/IMG_0736-1024x768.jpg\" alt=\"\" srcset=\"https:\/\/www.alcoandco.com\/ac\/wp-content\/uploads\/2019\/01\/IMG_0736-1024x768.jpg 1024w, https:\/\/www.alcoandco.com\/ac\/wp-content\/uploads\/2019\/01\/IMG_0736-300x225.jpg 300w, https:\/\/www.alcoandco.com\/ac\/wp-content\/uploads\/2019\/01\/IMG_0736-768x576.jpg 768w, https:\/\/www.alcoandco.com\/ac\/wp-content\/uploads\/2019\/01\/IMG_0736-830x623.jpg 830w, https:\/\/www.alcoandco.com\/ac\/wp-content\/uploads\/2019\/01\/IMG_0736-230x173.jpg 230w, https:\/\/www.alcoandco.com\/ac\/wp-content\/uploads\/2019\/01\/IMG_0736-350x263.jpg 350w, https:\/\/www.alcoandco.com\/ac\/wp-content\/uploads\/2019\/01\/IMG_0736-480x360.jpg 480w\" sizes=\"auto, (max-width: 1024px) 100vw, 1024px\" \/><\/figure>\r\n\r\n\r\n\r\n<p><strong>Gilles Garlet<\/strong>, com\u00e9dien, \u00ab met en voix \u00bb les po\u00e9sies de <strong>Guy Pi\u00e9gay<\/strong>, des textes qui passent de la gaiet\u00e9 \u00e0 la souffrance, de la nostalgie de nos racines aux faits pas toujours tendres de notre soci\u00e9t\u00e9. Et qui parlent d&rsquo;amour, des petites merveilles que la vie nous offre \u00e0 chaque instant, de ses malheurs aussi.<\/p>\r\n\r\n\r\n\r\n<p>Ainsi la voix du com\u00e9dien se fait-elle tour \u00e0 tour grave ou l\u00e9g\u00e8re, virevoltante ou pesante, douce ou grondante\u2026<\/p>\r\n<\/div>\r\n\r\n\r\n\r\n<div class=\"wp-block-column is-layout-flow wp-block-column-is-layout-flow\">\r\n<figure class=\"wp-block-embed-youtube wp-block-embed is-type-video is-provider-youtube wp-embed-aspect-16-9 wp-has-aspect-ratio\">\r\n<div class=\"wp-block-embed__wrapper\">\u00a0<\/div>\r\n<\/figure>\r\n\r\n\r\n\r\n<div class=\"wp-block-image\">\r\n<figure class=\"aligncenter\"><img loading=\"lazy\" decoding=\"async\" width=\"150\" height=\"150\" class=\"wp-image-128\" src=\"https:\/\/www.alcoandco.com\/ac\/wp-content\/uploads\/2018\/03\/Si-Guy-150x150.jpg\" alt=\"\" \/><\/figure>\r\n<\/div>\r\n\r\n\r\n\r\n<p class=\"has-text-color has-background has-text-align-center has-vivid-red-color has-very-light-gray-background-color\">Si je l&rsquo;avais su si fragile<br \/>Lorsque, confiante en mon amour, <br \/>Elle \u00e9tait l\u00e0, semblant ailleurs, <br \/>Tout \u00e0 ses r\u00eaves int\u00e9rieurs, <br \/>L&rsquo;aurais-je trait\u00e9e sans d\u00e9tour <br \/>D&rsquo;illumin\u00e9e, de pu\u00e9rile ?<br \/><br \/><strong> Guy Pi\u00e9gay <\/strong><\/p>\r\n<\/div>\r\n<\/div>\r\n\r\n\r\n\r\n<p>\u00c0 ses c\u00f4t\u00e9s, <strong>Alco <\/strong>pose sur ces mots les couleurs de sa guitare, ostinatos soulignant l&rsquo;intonation du conteur, \u00e9chapp\u00e9es vers le blues et le jazz, envol\u00e9es l\u00e9g\u00e8res lorsque la rime l&rsquo;y emm\u00e8ne. Alco ponctue \u00e9galement le spectacle de quelques unes de ses chansons.<\/p>\r\n\r\n\r\n\r\n<div class=\"wp-block-image\">\r\n<figure class=\"aligncenter\"><img loading=\"lazy\" decoding=\"async\" width=\"400\" height=\"174\" class=\"wp-image-127\" src=\"http:\/\/www.alcoandco.com\/ac\/wp-content\/uploads\/2018\/03\/Si-artistes.jpg\" alt=\"\" srcset=\"https:\/\/www.alcoandco.com\/ac\/wp-content\/uploads\/2018\/03\/Si-artistes.jpg 400w, https:\/\/www.alcoandco.com\/ac\/wp-content\/uploads\/2018\/03\/Si-artistes-300x131.jpg 300w\" sizes=\"auto, (max-width: 400px) 100vw, 400px\" \/><\/figure>\r\n<\/div>\r\n\r\n\r\n\r\n<h4 class=\"has-text-align-center wp-block-heading\">Deux hommes sur sc\u00e8ne, qui vivent et font vivre leur complicit\u00e9, comme un trait d&rsquo;union entre les mots, la voix et la musique\u2026<\/h4>\r\n","protected":false},"excerpt":{"rendered":"<p> [&hellip;]<\/p>\n","protected":false},"author":2,"featured_media":127,"parent":0,"menu_order":0,"comment_status":"closed","ping_status":"closed","template":"","meta":{"footnotes":""},"class_list":["post-502","page","type-page","status-publish","has-post-thumbnail","hentry"],"_links":{"self":[{"href":"https:\/\/www.alcoandco.com\/ac\/wp-json\/wp\/v2\/pages\/502","targetHints":{"allow":["GET"]}}],"collection":[{"href":"https:\/\/www.alcoandco.com\/ac\/wp-json\/wp\/v2\/pages"}],"about":[{"href":"https:\/\/www.alcoandco.com\/ac\/wp-json\/wp\/v2\/types\/page"}],"author":[{"embeddable":true,"href":"https:\/\/www.alcoandco.com\/ac\/wp-json\/wp\/v2\/users\/2"}],"replies":[{"embeddable":true,"href":"https:\/\/www.alcoandco.com\/ac\/wp-json\/wp\/v2\/comments?post=502"}],"version-history":[{"count":26,"href":"https:\/\/www.alcoandco.com\/ac\/wp-json\/wp\/v2\/pages\/502\/revisions"}],"predecessor-version":[{"id":2044,"href":"https:\/\/www.alcoandco.com\/ac\/wp-json\/wp\/v2\/pages\/502\/revisions\/2044"}],"wp:featuredmedia":[{"embeddable":true,"href":"https:\/\/www.alcoandco.com\/ac\/wp-json\/wp\/v2\/media\/127"}],"wp:attachment":[{"href":"https:\/\/www.alcoandco.com\/ac\/wp-json\/wp\/v2\/media?parent=502"}],"curies":[{"name":"wp","href":"https:\/\/api.w.org\/{rel}","templated":true}]}}