{"id":307,"date":"2019-01-14T11:12:27","date_gmt":"2019-01-14T09:12:27","guid":{"rendered":"http:\/\/www.alcoandco.com\/ac\/?page_id=307"},"modified":"2020-07-06T13:37:46","modified_gmt":"2020-07-06T11:37:46","slug":"prescriptions-medicales","status":"publish","type":"page","link":"https:\/\/www.alcoandco.com\/ac\/question-de-style\/prescriptions-medicales\/","title":{"rendered":"Prescriptions m\u00e9dicales"},"content":{"rendered":"<h4 style=\"text-align: right;\">&nbsp;<\/h4>\n<h4 style=\"text-align: right;\"><strong><a href=\"https:\/\/www.alcoandco.com\/ac\/wp-content\/uploads\/2018\/03\/alcosilhouette.gif\"><img loading=\"lazy\" decoding=\"async\" class=\"aligncenter wp-image-122 size-thumbnail\" src=\"https:\/\/www.alcoandco.com\/ac\/wp-content\/uploads\/2018\/03\/alcosilhouette-150x150.gif\" alt=\"\" width=\"150\" height=\"150\"><\/a><\/strong><\/h4>\n<h4 style=\"text-align: center;\"><span style=\"color: #ff0000;\"><strong>Attention, l\u2019abus d\u2019Alco n\u2019est pas dangereux pour la sant\u00e9 !<\/strong><\/span><\/h4>\n<!-- \/wp:post-content -->\n\n<!-- wp:separator -->\n\n<hr>\n\n<!-- \/wp:separator -->\n\n<!-- wp:heading {\"level\":3} -->\n<h3>Formes pharmaceutiques<\/h3>\n<!-- \/wp:heading -->\n\n<!-- wp:list -->\n<ul>\n \t<li>Par instillation dans le conduit auditif, sous forme de galettes de polycarbonate appel\u00e9es CD ou en injections collectives dans des dispensaires appel\u00e9s concerts.<\/li>\n<\/ul>\n<!-- \/wp:list -->\n\n<!-- wp:heading {\"level\":3} -->\n<h3>Posologie<\/h3>\n<!-- \/wp:heading -->\n\n<!-- wp:list -->\n<ul>\n \t<li>Plusieurs instillations sont possibles, au gr\u00e9 du patient.<\/li>\n \t<li>Apr\u00e8s une premi\u00e8re audition, une seconde est souvent n\u00e9cessaire.<\/li>\n \t<li>En fin d\u2019administration, il est possible de doubler la dose en scandant \u00ab Une autre ! Une autre ! &#8230; \u00bb comme le veut la tradition apothicaire.<\/li>\n<\/ul>\n<!-- \/wp:list -->\n\n<!-- wp:heading {\"level\":3} -->\n<h3>Indications th\u00e9rapeutiques<\/h3>\n<!-- \/wp:heading -->\n\n<!-- wp:list -->\n<ul>\n \t<li>Traitement de la grogne passag\u00e8re ou de la col\u00e8re durable induites par la pens\u00e9e unique et format\u00e9e.<\/li>\n \t<li>Prophylaxie de l\u2019amollissement artistique et de l\u2019immobilit\u00e9 id\u00e9ative.<\/li>\n \t<li>Traitement de l\u2019avachissement chronique devant les modes de pens\u00e9e et de loisirs actuels.<\/li>\n<\/ul>\n<!-- \/wp:list -->\n\n<!-- wp:heading {\"level\":3} -->\n<h3>Contre-indications<\/h3>\n<!-- \/wp:heading -->\n\n<!-- wp:list -->\n<ul>\n \t<li>Ne convient pas aux personnes particuli\u00e8rement sensibles aux id\u00e9es dominantes, ou celles qui en ont peu.<\/li>\n \t<li>Ne convient pas aux personnes qui tiennent \u00e0 somnoler devant un poste de t\u00e9l\u00e9.<\/li>\n \t<li>Peut provoquer des troubles de la conscience et des insomnies.<\/li>\n \t<li>Peut \u00e9galement provoquer un \u00e9tat naus\u00e9eux devant certains ph\u00e9nom\u00e8nes sociaux, politiques ou culturels.<\/li>\n<\/ul>\n&nbsp;\n\n<!-- \/wp:list -->\n\n<!-- wp:heading {\"level\":5} -->\n<h5 style=\"text-align: center;\"><span style=\"color: #ff0000;\">CE PRODUIT N\u2019EST PAS REMBOURS\u00c9 PAR L\u2019INS\u00c9CURIT\u00c9 SOCIALE<\/span><\/h5>\n<!-- \/wp:heading -->","protected":false},"excerpt":{"rendered":"<p> [&hellip;]<\/p>\n","protected":false},"author":2,"featured_media":122,"parent":421,"menu_order":30,"comment_status":"closed","ping_status":"closed","template":"","meta":{"footnotes":""},"class_list":["post-307","page","type-page","status-publish","has-post-thumbnail","hentry"],"_links":{"self":[{"href":"https:\/\/www.alcoandco.com\/ac\/wp-json\/wp\/v2\/pages\/307","targetHints":{"allow":["GET"]}}],"collection":[{"href":"https:\/\/www.alcoandco.com\/ac\/wp-json\/wp\/v2\/pages"}],"about":[{"href":"https:\/\/www.alcoandco.com\/ac\/wp-json\/wp\/v2\/types\/page"}],"author":[{"embeddable":true,"href":"https:\/\/www.alcoandco.com\/ac\/wp-json\/wp\/v2\/users\/2"}],"replies":[{"embeddable":true,"href":"https:\/\/www.alcoandco.com\/ac\/wp-json\/wp\/v2\/comments?post=307"}],"version-history":[{"count":20,"href":"https:\/\/www.alcoandco.com\/ac\/wp-json\/wp\/v2\/pages\/307\/revisions"}],"predecessor-version":[{"id":1926,"href":"https:\/\/www.alcoandco.com\/ac\/wp-json\/wp\/v2\/pages\/307\/revisions\/1926"}],"up":[{"embeddable":true,"href":"https:\/\/www.alcoandco.com\/ac\/wp-json\/wp\/v2\/pages\/421"}],"wp:featuredmedia":[{"embeddable":true,"href":"https:\/\/www.alcoandco.com\/ac\/wp-json\/wp\/v2\/media\/122"}],"wp:attachment":[{"href":"https:\/\/www.alcoandco.com\/ac\/wp-json\/wp\/v2\/media?parent=307"}],"curies":[{"name":"wp","href":"https:\/\/api.w.org\/{rel}","templated":true}]}}