{"id":1086,"date":"2019-01-23T23:50:54","date_gmt":"2019-01-23T21:50:54","guid":{"rendered":"http:\/\/www.alcoandco.com\/ac\/?page_id=1086"},"modified":"2020-06-09T17:45:46","modified_gmt":"2020-06-09T15:45:46","slug":"documents-techniques","status":"publish","type":"page","link":"https:\/\/www.alcoandco.com\/ac\/diffusion\/documents-techniques\/","title":{"rendered":"Documents techniques"},"content":{"rendered":"\n<div class=\"wp-block-image\"><figure class=\"alignleft\"><img loading=\"lazy\" decoding=\"async\" width=\"300\" height=\"211\" src=\"http:\/\/www.alcoandco.com\/ac\/wp-content\/uploads\/2019\/01\/AlcoLaDoc_fichesA4paysage_PlansDeSc\u00e8ne5-300x211.gif\" alt=\"\" class=\"wp-image-1090\" srcset=\"https:\/\/www.alcoandco.com\/ac\/wp-content\/uploads\/2019\/01\/AlcoLaDoc_fichesA4paysage_PlansDeSc\u00e8ne5-300x211.gif 300w, https:\/\/www.alcoandco.com\/ac\/wp-content\/uploads\/2019\/01\/AlcoLaDoc_fichesA4paysage_PlansDeSc\u00e8ne5-768x541.gif 768w, https:\/\/www.alcoandco.com\/ac\/wp-content\/uploads\/2019\/01\/AlcoLaDoc_fichesA4paysage_PlansDeSc\u00e8ne5-1024x721.gif 1024w, https:\/\/www.alcoandco.com\/ac\/wp-content\/uploads\/2019\/01\/AlcoLaDoc_fichesA4paysage_PlansDeSc\u00e8ne5-830x585.gif 830w, https:\/\/www.alcoandco.com\/ac\/wp-content\/uploads\/2019\/01\/AlcoLaDoc_fichesA4paysage_PlansDeSc\u00e8ne5-230x162.gif 230w, https:\/\/www.alcoandco.com\/ac\/wp-content\/uploads\/2019\/01\/AlcoLaDoc_fichesA4paysage_PlansDeSc\u00e8ne5-350x247.gif 350w, https:\/\/www.alcoandco.com\/ac\/wp-content\/uploads\/2019\/01\/AlcoLaDoc_fichesA4paysage_PlansDeSc\u00e8ne5-480x338.gif 480w\" sizes=\"auto, (max-width: 300px) 100vw, 300px\" \/><\/figure><\/div>\n\n\n\n<p>Vous pouvez t\u00e9l\u00e9charger ci-dessous les plans de sc\u00e8ne et fiches techniques des diff\u00e9rentes configurations.<\/p>\n\n\n\n<div style=\"height:143px\" aria-hidden=\"true\" class=\"wp-block-spacer\"><\/div>\n\n\n\n<h3 class=\"wp-block-heading\">Alco en trio (guitare-basse-batterie)<\/h3>\n\n\n\n<hr class=\"wp-block-separator\"\/>\n\n\n\n<div class=\"wp-block-columns has-2-columns is-layout-flex wp-container-core-columns-is-layout-9d6595d7 wp-block-columns-is-layout-flex\">\n<div class=\"wp-block-column is-layout-flow wp-block-column-is-layout-flow\">\n<div class=\"wp-block-file\"><a href=\"http:\/\/www.alcoandco.com\/ac\/wp-content\/uploads\/2019\/01\/AlcoLaDoc_fichesA4paysage_PlansDeSc\u00e8ne_trio.pdf\">Alco en trio : plan de sc\u00e8ne   <\/a><\/div>\n\n\n\n<div class=\"wp-block-file\"><a href=\"http:\/\/www.alcoandco.com\/ac\/wp-content\/uploads\/2019\/01\/Alco-fiche-technique_trio.pdf\">Alco en trio : plan de sc\u00e8ne   <\/a><\/div>\n<\/div>\n\n\n\n<div class=\"wp-block-column is-layout-flow wp-block-column-is-layout-flow\">\n<div class=\"wp-block-file\"><a href=\"http:\/\/www.alcoandco.com\/ac\/wp-content\/uploads\/2019\/01\/AlcoLaDoc_fichesA4paysage_PlansDeSc\u00e8ne_trio.pdf\" class=\"wp-block-file__button\" download=\"\">T\u00e9l\u00e9charger<\/a><\/div>\n\n\n\n<div class=\"wp-block-file\"><a href=\"http:\/\/www.alcoandco.com\/ac\/wp-content\/uploads\/2019\/01\/Alco-fiche-technique_trio.pdf\" class=\"wp-block-file__button\" download=\"\">T\u00e9l\u00e9charger<\/a><\/div>\n<\/div>\n<\/div>\n\n\n\n<hr class=\"wp-block-separator\"\/>\n\n\n\n<h3 class=\"wp-block-heading\">Alco en duo (2 guitares)<\/h3>\n\n\n\n<hr class=\"wp-block-separator\"\/>\n\n\n\n<div class=\"wp-block-columns has-2-columns is-layout-flex wp-container-core-columns-is-layout-9d6595d7 wp-block-columns-is-layout-flex\">\n<div class=\"wp-block-column is-layout-flow wp-block-column-is-layout-flow\">\n<div class=\"wp-block-file\"><a href=\"http:\/\/www.alcoandco.com\/ac\/wp-content\/uploads\/2019\/01\/AlcoLaDoc_fichesA4paysage_PlansDeSc\u00e8ne_duo.pdf\">Alco en duo : plan de sc\u00e8ne   <\/a><\/div>\n\n\n\n<div class=\"wp-block-file\"><a href=\"http:\/\/www.alcoandco.com\/ac\/wp-content\/uploads\/2019\/01\/Alco-fiche-technique_duo.pdf\">Alco en duo : fiche technique<\/a><\/div>\n\n\n\n<p><\/p>\n<\/div>\n\n\n\n<div class=\"wp-block-column is-layout-flow wp-block-column-is-layout-flow\">\n<div class=\"wp-block-file\"><a href=\"http:\/\/www.alcoandco.com\/ac\/wp-content\/uploads\/2019\/01\/AlcoLaDoc_fichesA4paysage_PlansDeSc\u00e8ne_duo.pdf\" class=\"wp-block-file__button\" download=\"\">T\u00e9l\u00e9charger<\/a><\/div>\n\n\n\n<div class=\"wp-block-file\"><a href=\"http:\/\/www.alcoandco.com\/ac\/wp-content\/uploads\/2019\/01\/Alco-fiche-technique_duo.pdf\" class=\"wp-block-file__button\" download=\"\">T\u00e9l\u00e9charger<\/a><\/div>\n\n\n\n<p><\/p>\n<\/div>\n<\/div>\n\n\n\n<hr class=\"wp-block-separator\"\/>\n\n\n\n<h3 class=\"wp-block-heading\">Alco en solo<\/h3>\n\n\n\n<hr class=\"wp-block-separator\"\/>\n\n\n\n<div class=\"wp-block-columns has-2-columns is-layout-flex wp-container-core-columns-is-layout-9d6595d7 wp-block-columns-is-layout-flex\">\n<div class=\"wp-block-column is-layout-flow wp-block-column-is-layout-flow\">\n<div class=\"wp-block-file\"><a href=\"http:\/\/www.alcoandco.com\/ac\/wp-content\/uploads\/2020\/06\/AlcoLaDoc_fichesA4paysage_PlansDeSc\u00e8ne_solo.pdf\">Alco en solo : plan de sc\u00e8ne   <\/a><\/div>\n\n\n\n<div class=\"wp-block-file\"><a href=\"http:\/\/www.alcoandco.com\/ac\/wp-content\/uploads\/2020\/06\/Alco-fiche-technique_solo.pdf\">Alco en solo : fiche technique<\/a><\/div>\n\n\n\n<p><\/p>\n<\/div>\n\n\n\n<div class=\"wp-block-column is-layout-flow wp-block-column-is-layout-flow\">\n<div class=\"wp-block-file\"><a href=\"http:\/\/www.alcoandco.com\/ac\/wp-content\/uploads\/2020\/06\/AlcoLaDoc_fichesA4paysage_PlansDeSc\u00e8ne_solo.pdf\" class=\"wp-block-file__button\" download=\"\">T\u00e9l\u00e9charger<\/a><\/div>\n\n\n\n<div class=\"wp-block-file\"><a href=\"http:\/\/www.alcoandco.com\/ac\/wp-content\/uploads\/2020\/06\/Alco-fiche-technique_solo.pdf\" class=\"wp-block-file__button\" download=\"\">T\u00e9l\u00e9charger<\/a><\/div>\n\n\n\n<p><\/p>\n<\/div>\n<\/div>\n","protected":false},"excerpt":{"rendered":"<p> [&hellip;]<\/p>\n","protected":false},"author":2,"featured_media":453,"parent":322,"menu_order":20,"comment_status":"closed","ping_status":"closed","template":"","meta":{"footnotes":""},"class_list":["post-1086","page","type-page","status-publish","has-post-thumbnail","hentry"],"_links":{"self":[{"href":"https:\/\/www.alcoandco.com\/ac\/wp-json\/wp\/v2\/pages\/1086","targetHints":{"allow":["GET"]}}],"collection":[{"href":"https:\/\/www.alcoandco.com\/ac\/wp-json\/wp\/v2\/pages"}],"about":[{"href":"https:\/\/www.alcoandco.com\/ac\/wp-json\/wp\/v2\/types\/page"}],"author":[{"embeddable":true,"href":"https:\/\/www.alcoandco.com\/ac\/wp-json\/wp\/v2\/users\/2"}],"replies":[{"embeddable":true,"href":"https:\/\/www.alcoandco.com\/ac\/wp-json\/wp\/v2\/comments?post=1086"}],"version-history":[{"count":24,"href":"https:\/\/www.alcoandco.com\/ac\/wp-json\/wp\/v2\/pages\/1086\/revisions"}],"predecessor-version":[{"id":1733,"href":"https:\/\/www.alcoandco.com\/ac\/wp-json\/wp\/v2\/pages\/1086\/revisions\/1733"}],"up":[{"embeddable":true,"href":"https:\/\/www.alcoandco.com\/ac\/wp-json\/wp\/v2\/pages\/322"}],"wp:featuredmedia":[{"embeddable":true,"href":"https:\/\/www.alcoandco.com\/ac\/wp-json\/wp\/v2\/media\/453"}],"wp:attachment":[{"href":"https:\/\/www.alcoandco.com\/ac\/wp-json\/wp\/v2\/media?parent=1086"}],"curies":[{"name":"wp","href":"https:\/\/api.w.org\/{rel}","templated":true}]}}